{"id":12,"date":"2022-06-02T15:58:41","date_gmt":"2022-06-02T13:58:41","guid":{"rendered":"https:\/\/kurkowa5.pl\/hanza\/?page_id=12"},"modified":"2022-06-06T13:57:30","modified_gmt":"2022-06-06T11:57:30","slug":"o-nas","status":"publish","type":"page","link":"https:\/\/kurkowa5.pl\/hanza\/o-nas\/","title":{"rendered":"O nas"},"content":{"rendered":"<div class=\"top extendfull top-about\">\n<h6 class=\"animated appear delay1 duration2\">O nas<\/h6>\n<h1 class=\"animated appear delay2 duration2\">Bezkompromisowa<br \/>\njako\u015b\u0107<\/h1>\n<\/div>\n<div class=\"about-first row\">\n<div class=\"col-md-6\">\n<img loading=\"lazy\" decoding=\"async\" src=\"https:\/\/kurkowa5.pl\/hanza\/wp-content\/uploads\/2022\/06\/about-first.jpg\" alt=\"\" width=\"564\" height=\"563\" class=\"aligncenter size-full wp-image-135\" srcset=\"https:\/\/kurkowa5.pl\/hanza\/wp-content\/uploads\/2022\/06\/about-first.jpg 564w, https:\/\/kurkowa5.pl\/hanza\/wp-content\/uploads\/2022\/06\/about-first-300x300.jpg 300w, https:\/\/kurkowa5.pl\/hanza\/wp-content\/uploads\/2022\/06\/about-first-150x150.jpg 150w\" sizes=\"auto, (max-width: 564px) 100vw, 564px\" \/>\n<\/div>\n<div class=\"col-md-6\">\n<p><strong>Kurkowa5 to marka, kt\u00f3ra \u015bwiadczy profesjonalne us\u0142ugi kosmetyczne najwy\u017cszej jako\u015bci. Komfort, kompetencje i bezpiecze\u0144stwo \u2014 to dla nas kluczowe zasady, kt\u00f3re decyduj\u0105 o Twoim zadowoleniu.<\/strong><\/p>\n<p class=\"big\">Ciekawi Ci\u0119, czemu nasi klienci s\u0105 zawsze <em>w pe\u0142ni usatysfakcjonowani<\/em>? Poniewa\u017c gwarantujemy <em>pi\u0119kny efekt<\/em> i <em>dbamy o mi\u0142o sp\u0119dzony czas<\/em> tak, aby zabiegi by\u0142y dla Ciebie chwil\u0105 relaksu.<\/p>\n<\/div>\n<\/div>\n<div class=\"about-golden extendfull\">\n<p class=\"first\">FUNDAMENTEM NASZEJ HISTORII BY\u0141O URUCHOMIENIE <em>PIERWSZEGO W SZCZECINIE SALONU KOSMETYCZNEGO<\/em> SPECJALIZUJ\u0104CEGO SI\u0118 W PROFESJONALNYM <em>OPALANIU NATRYSKOWYM<\/em>, KT\u00d3RE \u015aMIA\u0141O SKLASYFIKOWA\u0106 MO\u017bNA JAKO NAJZDROWSZ\u0104 FORM\u0118 UZYSKIWANIA NATURALNEJ OPALENIZNY.<\/p>\n<p><strong>Salon powsta\u0142 w\u0142a\u015bnie przy ulicy Kurkowej 5, na szczeci\u0144skim starym mie\u015bcie, co te\u017c sta\u0142o si\u0119 podwalin\u0105 naszej nazwy.<\/strong><\/p>\n<\/div>\n<div class=\"about-bottom row\">\n<div class=\"col-md-6\">\n<p class=\"first\">Najwy\u017cszej jako\u015bci kosmetyki marki TanExpert i MineTan, pe\u0142na adaptacja lokalu na potrzeby \u015bwiadczonej us\u0142ugi oraz nienaganne podej\u015bcie do wszystkich klient\u00f3w \u2014 wszystko to sprawi\u0142o, \u017ce nasz salon osi\u0105gn\u0105\u0142 lokalny sukces. Klienci wiedz\u0105, \u017ce wizyta u nas to gwarancja endorfin, jakie daje nam pi\u0119knie opalona sk\u00f3ra!<\/p>\n<p class=\"big\">Nieustanny rozw\u00f3j nakazuje nam i\u015b\u0107 do przodu i w\u0142a\u015bnie z tego powodu <em>poszerzamy zakres \u015bwiadczonych us\u0142ug.<\/em><\/p>\n<p><strong>W PIERWSZEJ KOLEJNO\u015aCI UDOST\u0118PNILI\u015aMY NASZYCH KLIENTOM US\u0141UGI Z ZAKRESU PROFESJONALNEJ STYLIZACJI BRWI I RZ\u0118S. KOLEJNYM KROKIEM BY\u0141O STWORZENIE NOWEGO PUNKTU PRZY ULICY WYZWOLENIA 50 W WIE\u017bOWCU HANZA TOWER, GDZIE OFERUJEMY US\u0141UGI STYLIZACJI PAZNOKCI.<\/strong><\/p>\n<\/div>\n<div class=\"col-md-6\">\n<img loading=\"lazy\" decoding=\"async\" src=\"https:\/\/kurkowa5.pl\/hanza\/wp-content\/uploads\/2022\/06\/about-bottom.jpg\" alt=\"\" width=\"563\" height=\"550\" class=\"aligncenter size-full wp-image-127\" srcset=\"https:\/\/kurkowa5.pl\/hanza\/wp-content\/uploads\/2022\/06\/about-bottom.jpg 563w, https:\/\/kurkowa5.pl\/hanza\/wp-content\/uploads\/2022\/06\/about-bottom-300x293.jpg 300w\" sizes=\"auto, (max-width: 563px) 100vw, 563px\" \/>\n<\/div>\n<\/div>\n","protected":false},"excerpt":{"rendered":"<p>O nas Bezkompromisowa jako\u015b\u0107 Kurkowa5 to marka, kt\u00f3ra \u015bwiadczy profesjonalne us\u0142ugi kosmetyczne najwy\u017cszej jako\u015bci. Komfort, kompetencje i bezpiecze\u0144stwo \u2014 to dla nas kluczowe zasady, kt\u00f3re decyduj\u0105 o Twoim zadowoleniu. Ciekawi Ci\u0119, czemu nasi klienci s\u0105 zawsze w pe\u0142ni usatysfakcjonowani? Poniewa\u017c gwarantujemy pi\u0119kny efekt i dbamy o mi\u0142o sp\u0119dzony czas tak, aby zabiegi by\u0142y dla Ciebie [&hellip;]<\/p>\n","protected":false},"author":1,"featured_media":0,"parent":0,"menu_order":0,"comment_status":"closed","ping_status":"closed","template":"fullwidth.php","meta":{"footnotes":""},"class_list":["post-12","page","type-page","status-publish","hentry"],"yoast_head":"<!-- This site is optimized with the Yoast SEO plugin v24.2 - https:\/\/yoast.com\/wordpress\/plugins\/seo\/ -->\n<title>O nas - Kurkowa 5 Hanza<\/title>\n<meta name=\"robots\" content=\"index, follow, max-snippet:-1, max-image-preview:large, max-video-preview:-1\" \/>\n<link rel=\"canonical\" href=\"https:\/\/kurkowa5.pl\/hanza\/o-nas\/\" \/>\n<meta property=\"og:locale\" content=\"pl_PL\" \/>\n<meta property=\"og:type\" content=\"article\" \/>\n<meta property=\"og:title\" content=\"O nas - Kurkowa 5 Hanza\" \/>\n<meta property=\"og:description\" content=\"O nas Bezkompromisowa jako\u015b\u0107 Kurkowa5 to marka, kt\u00f3ra \u015bwiadczy profesjonalne us\u0142ugi kosmetyczne najwy\u017cszej jako\u015bci. Komfort, kompetencje i bezpiecze\u0144stwo \u2014 to dla nas kluczowe zasady, kt\u00f3re decyduj\u0105 o Twoim zadowoleniu. Ciekawi Ci\u0119, czemu nasi klienci s\u0105 zawsze w pe\u0142ni usatysfakcjonowani? Poniewa\u017c gwarantujemy pi\u0119kny efekt i dbamy o mi\u0142o sp\u0119dzony czas tak, aby zabiegi by\u0142y dla Ciebie [&hellip;]\" \/>\n<meta property=\"og:url\" content=\"https:\/\/kurkowa5.pl\/hanza\/o-nas\/\" \/>\n<meta property=\"og:site_name\" content=\"Kurkowa 5 Hanza\" \/>\n<meta property=\"article:modified_time\" content=\"2022-06-06T11:57:30+00:00\" \/>\n<meta property=\"og:image\" content=\"https:\/\/kurkowa5.pl\/hanza\/wp-content\/uploads\/2022\/06\/about-first.jpg\" \/>\n<meta name=\"twitter:card\" content=\"summary_large_image\" \/>\n<meta name=\"twitter:label1\" content=\"Szacowany czas czytania\" \/>\n\t<meta name=\"twitter:data1\" content=\"1 minuta\" \/>\n<script type=\"application\/ld+json\" class=\"yoast-schema-graph\">{\"@context\":\"https:\/\/schema.org\",\"@graph\":[{\"@type\":\"WebPage\",\"@id\":\"https:\/\/kurkowa5.pl\/hanza\/o-nas\/\",\"url\":\"https:\/\/kurkowa5.pl\/hanza\/o-nas\/\",\"name\":\"O nas - Kurkowa 5 Hanza\",\"isPartOf\":{\"@id\":\"https:\/\/kurkowa5.pl\/hanza\/#website\"},\"primaryImageOfPage\":{\"@id\":\"https:\/\/kurkowa5.pl\/hanza\/o-nas\/#primaryimage\"},\"image\":{\"@id\":\"https:\/\/kurkowa5.pl\/hanza\/o-nas\/#primaryimage\"},\"thumbnailUrl\":\"https:\/\/kurkowa5.pl\/hanza\/wp-content\/uploads\/2022\/06\/about-first.jpg\",\"datePublished\":\"2022-06-02T13:58:41+00:00\",\"dateModified\":\"2022-06-06T11:57:30+00:00\",\"breadcrumb\":{\"@id\":\"https:\/\/kurkowa5.pl\/hanza\/o-nas\/#breadcrumb\"},\"inLanguage\":\"pl-PL\",\"potentialAction\":[{\"@type\":\"ReadAction\",\"target\":[\"https:\/\/kurkowa5.pl\/hanza\/o-nas\/\"]}]},{\"@type\":\"ImageObject\",\"inLanguage\":\"pl-PL\",\"@id\":\"https:\/\/kurkowa5.pl\/hanza\/o-nas\/#primaryimage\",\"url\":\"https:\/\/kurkowa5.pl\/hanza\/wp-content\/uploads\/2022\/06\/about-first.jpg\",\"contentUrl\":\"https:\/\/kurkowa5.pl\/hanza\/wp-content\/uploads\/2022\/06\/about-first.jpg\",\"width\":564,\"height\":563},{\"@type\":\"BreadcrumbList\",\"@id\":\"https:\/\/kurkowa5.pl\/hanza\/o-nas\/#breadcrumb\",\"itemListElement\":[{\"@type\":\"ListItem\",\"position\":1,\"name\":\"Strona g\u0142\u00f3wna\",\"item\":\"https:\/\/kurkowa5.pl\/hanza\/\"},{\"@type\":\"ListItem\",\"position\":2,\"name\":\"O nas\"}]},{\"@type\":\"WebSite\",\"@id\":\"https:\/\/kurkowa5.pl\/hanza\/#website\",\"url\":\"https:\/\/kurkowa5.pl\/hanza\/\",\"name\":\"Kurkowa 5 Hanza\",\"description\":\"\",\"potentialAction\":[{\"@type\":\"SearchAction\",\"target\":{\"@type\":\"EntryPoint\",\"urlTemplate\":\"https:\/\/kurkowa5.pl\/hanza\/?s={search_term_string}\"},\"query-input\":{\"@type\":\"PropertyValueSpecification\",\"valueRequired\":true,\"valueName\":\"search_term_string\"}}],\"inLanguage\":\"pl-PL\"}]}<\/script>\n<!-- \/ Yoast SEO plugin. -->","yoast_head_json":{"title":"O nas - Kurkowa 5 Hanza","robots":{"index":"index","follow":"follow","max-snippet":"max-snippet:-1","max-image-preview":"max-image-preview:large","max-video-preview":"max-video-preview:-1"},"canonical":"https:\/\/kurkowa5.pl\/hanza\/o-nas\/","og_locale":"pl_PL","og_type":"article","og_title":"O nas - Kurkowa 5 Hanza","og_description":"O nas Bezkompromisowa jako\u015b\u0107 Kurkowa5 to marka, kt\u00f3ra \u015bwiadczy profesjonalne us\u0142ugi kosmetyczne najwy\u017cszej jako\u015bci. Komfort, kompetencje i bezpiecze\u0144stwo \u2014 to dla nas kluczowe zasady, kt\u00f3re decyduj\u0105 o Twoim zadowoleniu. Ciekawi Ci\u0119, czemu nasi klienci s\u0105 zawsze w pe\u0142ni usatysfakcjonowani? Poniewa\u017c gwarantujemy pi\u0119kny efekt i dbamy o mi\u0142o sp\u0119dzony czas tak, aby zabiegi by\u0142y dla Ciebie [&hellip;]","og_url":"https:\/\/kurkowa5.pl\/hanza\/o-nas\/","og_site_name":"Kurkowa 5 Hanza","article_modified_time":"2022-06-06T11:57:30+00:00","og_image":[{"url":"https:\/\/kurkowa5.pl\/hanza\/wp-content\/uploads\/2022\/06\/about-first.jpg","type":"","width":"","height":""}],"twitter_card":"summary_large_image","twitter_misc":{"Szacowany czas czytania":"1 minuta"},"schema":{"@context":"https:\/\/schema.org","@graph":[{"@type":"WebPage","@id":"https:\/\/kurkowa5.pl\/hanza\/o-nas\/","url":"https:\/\/kurkowa5.pl\/hanza\/o-nas\/","name":"O nas - Kurkowa 5 Hanza","isPartOf":{"@id":"https:\/\/kurkowa5.pl\/hanza\/#website"},"primaryImageOfPage":{"@id":"https:\/\/kurkowa5.pl\/hanza\/o-nas\/#primaryimage"},"image":{"@id":"https:\/\/kurkowa5.pl\/hanza\/o-nas\/#primaryimage"},"thumbnailUrl":"https:\/\/kurkowa5.pl\/hanza\/wp-content\/uploads\/2022\/06\/about-first.jpg","datePublished":"2022-06-02T13:58:41+00:00","dateModified":"2022-06-06T11:57:30+00:00","breadcrumb":{"@id":"https:\/\/kurkowa5.pl\/hanza\/o-nas\/#breadcrumb"},"inLanguage":"pl-PL","potentialAction":[{"@type":"ReadAction","target":["https:\/\/kurkowa5.pl\/hanza\/o-nas\/"]}]},{"@type":"ImageObject","inLanguage":"pl-PL","@id":"https:\/\/kurkowa5.pl\/hanza\/o-nas\/#primaryimage","url":"https:\/\/kurkowa5.pl\/hanza\/wp-content\/uploads\/2022\/06\/about-first.jpg","contentUrl":"https:\/\/kurkowa5.pl\/hanza\/wp-content\/uploads\/2022\/06\/about-first.jpg","width":564,"height":563},{"@type":"BreadcrumbList","@id":"https:\/\/kurkowa5.pl\/hanza\/o-nas\/#breadcrumb","itemListElement":[{"@type":"ListItem","position":1,"name":"Strona g\u0142\u00f3wna","item":"https:\/\/kurkowa5.pl\/hanza\/"},{"@type":"ListItem","position":2,"name":"O nas"}]},{"@type":"WebSite","@id":"https:\/\/kurkowa5.pl\/hanza\/#website","url":"https:\/\/kurkowa5.pl\/hanza\/","name":"Kurkowa 5 Hanza","description":"","potentialAction":[{"@type":"SearchAction","target":{"@type":"EntryPoint","urlTemplate":"https:\/\/kurkowa5.pl\/hanza\/?s={search_term_string}"},"query-input":{"@type":"PropertyValueSpecification","valueRequired":true,"valueName":"search_term_string"}}],"inLanguage":"pl-PL"}]}},"_links":{"self":[{"href":"https:\/\/kurkowa5.pl\/hanza\/wp-json\/wp\/v2\/pages\/12","targetHints":{"allow":["GET"]}}],"collection":[{"href":"https:\/\/kurkowa5.pl\/hanza\/wp-json\/wp\/v2\/pages"}],"about":[{"href":"https:\/\/kurkowa5.pl\/hanza\/wp-json\/wp\/v2\/types\/page"}],"author":[{"embeddable":true,"href":"https:\/\/kurkowa5.pl\/hanza\/wp-json\/wp\/v2\/users\/1"}],"replies":[{"embeddable":true,"href":"https:\/\/kurkowa5.pl\/hanza\/wp-json\/wp\/v2\/comments?post=12"}],"version-history":[{"count":16,"href":"https:\/\/kurkowa5.pl\/hanza\/wp-json\/wp\/v2\/pages\/12\/revisions"}],"predecessor-version":[{"id":136,"href":"https:\/\/kurkowa5.pl\/hanza\/wp-json\/wp\/v2\/pages\/12\/revisions\/136"}],"wp:attachment":[{"href":"https:\/\/kurkowa5.pl\/hanza\/wp-json\/wp\/v2\/media?parent=12"}],"curies":[{"name":"wp","href":"https:\/\/api.w.org\/{rel}","templated":true}]}}