{"id":16,"date":"2022-06-02T15:59:26","date_gmt":"2022-06-02T13:59:26","guid":{"rendered":"https:\/\/kurkowa5.pl\/hanza\/?page_id=16"},"modified":"2023-05-06T19:03:56","modified_gmt":"2023-05-06T17:03:56","slug":"cennik","status":"publish","type":"page","link":"https:\/\/kurkowa5.pl\/hanza\/cennik\/","title":{"rendered":"Cennik"},"content":{"rendered":"<div class=\"top extendfull top-price\">\n<h6 class=\"animated appear delay1 duration2\">Cennik<\/h6>\n<h1 class=\"animated appear delay2 duration2\">Poznaj nasz<br \/>\naktualny cennik<br \/>\n\u015bwiadczonych<br \/>\nus\u0142ug<\/h1>\n<\/div>\n<div class=\"price-section\">\n<div class=\"inner\">\n<h4>D\u0142onie<\/h4>\n<div class=\"row\">\n<div class=\"col-md-8 first\">\n<h5>Pakiet MINI HYBRYDA<\/h5>\n<p>(\u015bci\u0105gni\u0119cie, manicure, 1 kolor)<\/p>\n<\/div>\n<div class=\"col-md-4 second\">\n<h6>130z\u0142<\/h6>\n<p>1g 40min<\/p>\n<\/div>\n<div class=\"col-md-8 first\">\n<h5>Pakiet MIDI HYBRYDA<\/h5>\n<p>(\u015bci\u0105gni\u0119cie, manicure, wzmocnienie, kolor + zdobienia 2-4 paznokcia, rekonstrukcja lub przed\u0142u\u017canie od 1-2 paznokci)<\/p>\n<\/div>\n<div class=\"col-md-4 second\">\n<h6>150z\u0142<\/h6>\n<p>2g<\/p>\n<\/div>\n<div class=\"col-md-8 first\">\n<h5>Pakiet MAXI HYBRYDA<\/h5>\n<p>(\u015bci\u0105gni\u0119cie, manicure, wzmocnienie, kolor + zdobienia na 10 paznokciach, rekonstrukcja lub przed\u0142u\u017canie od 2-4 paznokci)<\/p>\n<\/div>\n<div class=\"col-md-4 second\">\n<h6>170z\u0142<\/h6>\n<p>2g 10min<\/p>\n<\/div>\n<div class=\"col-md-8 first\">\n<h5>Pakiet MINI \u017bEL<\/h5>\n<p>(\u015bci\u0105gni\u0119cie, manicure, \u017cel, 1 kolor)<\/p>\n<\/div>\n<div class=\"col-md-4 second\">\n<h6>150z\u0142<\/h6>\n<p>2g<\/p>\n<\/div>\n<div class=\"col-md-8 first\">\n<h5>Pakiet MIDI \u017bEL<\/h5>\n<p>(\u015bci\u0105gni\u0119cie, manicure, wzmocnienie, kolor + zdobienia 2-4 paznokcia, rekonstrukcja lub przed\u0142u\u017canie od 1-2 paznokci)<\/p>\n<\/div>\n<div class=\"col-md-4 second\">\n<h6>170z\u0142<\/h6>\n<p>2g 10min<\/p>\n<\/div>\n<div class=\"col-md-8 first\">\n<h5>Pakiet MAXI \u017bEL<\/h5>\n<p>(\u015bci\u0105gni\u0119cie, manicure, wzmocnienie, kolor + zdobienia na 10 paznokciach, rekonstrukcja lub przed\u0142u\u017canie od 2-4 paznokci )<\/p>\n<\/div>\n<div class=\"col-md-4 second\">\n<h6>190z\u0142<\/h6>\n<p>2g 20min<\/p>\n<\/div>\n<div class=\"col-md-8 first\">\n<h5>Przed\u0142u\u017canie d\u0142ugo\u015bci 1-2<\/h5>\n<\/div>\n<div class=\"col-md-4 second\">\n<h6>190z\u0142<\/h6>\n<p>2g 30min<\/p>\n<\/div>\n<div class=\"col-md-8 first\">\n<h5>Przed\u0142u\u017canie d\u0142ugo\u015bci 3-4<\/h5>\n<\/div>\n<div class=\"col-md-4 second\">\n<h6>200z\u0142<\/h6>\n<p>2g 40min<\/p>\n<\/div>\n<div class=\"col-md-8 first\">\n<h5>Naprawa paznokcia<\/h5>\n<\/div>\n<div class=\"col-md-4 second\">\n<h6>20z\u0142<\/h6>\n<p>20min<\/p>\n<\/div>\n<div class=\"col-md-8 first\">\n<h5>Ca\u0142kowite \u015bci\u0105gni\u0119cie<\/h5>\n<\/div>\n<div class=\"col-md-4 second\">\n<h6>50z\u0142<\/h6>\n<p>30min<\/p>\n<\/div>\n<div class=\"col-md-8 first\">\n<h5>Ca\u0142kowite \u015bci\u0105gni\u0119cie + manicure<\/h5>\n<\/div>\n<div class=\"col-md-4 second\">\n<h6>100z\u0142<\/h6>\n<p>1g<\/p>\n<\/div>\n<div class=\"col-md-8 first\">\n<h5>Manicure z piel\u0119gnacj\u0105<\/h5>\n<\/div>\n<div class=\"col-md-4 second\">\n<h6>100z\u0142<\/h6>\n<p>40min<\/p>\n<\/div>\n<\/div>\n<\/div>\n<\/div>\n<div class=\"price-section\">\n<div class=\"inner\">\n<h4>Stopy<\/h4>\n<div class=\"row\">\n<div class=\"col-md-8 first\">\n<h5>Pedicure SPA (frezowanie+hybryda)<\/h5>\n<p>(\u015bci\u0105gni\u0119cie hybrydy, opracowanie sk\u00f3rek, 1 kolor, frezowanie, hydromasa\u017c, piling, maska\/krem)<\/p>\n<\/div>\n<div class=\"col-md-4 second\">\n<h6>170z\u0142<\/h6>\n<p>1g 40min<\/p>\n<\/div>\n<div class=\"col-md-8 first\">\n<h5>Pedicure<\/h5>\n<p>(hydromasa\u017c, opracowanie sk\u00f3rek, frezowanie, peeling, maska\/krem)<\/p>\n<\/div>\n<div class=\"col-md-4 second\">\n<h6>140z\u0142<\/h6>\n<p>1g 15min<\/p>\n<\/div>\n<div class=\"col-md-8 first\">\n<h5>Pedicure hybrydowy<\/h5>\n<p>(\u015bci\u0105gni\u0119cie hybrydy, opracowanie sk\u00f3rek, 1 kolor)<\/p>\n<\/div>\n<div class=\"col-md-4 second\">\n<h6>140z\u0142<\/h6>\n<p>1g 20min<\/p>\n<\/div>\n<\/div>\n<\/div>\n<\/div>\n<p><!--\n\n\n<div class=\"price-section\">\n\n\n<div class=\"inner\">\n\n\n\n<h4>Makija\u017c permanentny<\/h4>\n\n\n\n\n\n<div class=\"row\">\n\n\n\n<div class=\"col-md-8 first\">\n\n\n<h5>Brwi metoda pudrowa\/ombre<\/h5>\n\n\n<\/div>\n\n\n\n\n<div class=\"col-md-4 second\">\n\n\n<h6>900z\u0142<\/h6>\n\n\n\n\n<p>3g<\/p>\n\n\n<\/div>\n\n\n\n\n\n<div class=\"col-md-8 first\">\n\n\n<h5>Usta akwarelowe<\/h5>\n\n\n<\/div>\n\n\n\n\n<div class=\"col-md-4 second\">\n\n\n<h6>900z\u0142<\/h6>\n\n\n\n\n<p>3g<\/p>\n\n\n<\/div>\n\n\n\n\n\n<div class=\"col-md-8 first\">\n\n\n<h5>Konsultacja<\/h5>\n\n\n<\/div>\n\n\n\n\n<div class=\"col-md-4 second\">\n\n\n<h6>Bezp\u0142atna<\/h6>\n\n\n\n\n<p>30min<\/p>\n\n\n<\/div>\n\n\n\n\n\n<div class=\"col-md-8 first\">\n\n\n<h5>Usta pomadka<\/h5>\n\n\n<\/div>\n\n\n\n\n<div class=\"col-md-4 second\">\n\n\n<h6>1 200z\u0142<\/h6>\n\n\n\n\n<p>4g<\/p>\n\n\n<\/div>\n\n\n\n\n\n<div class=\"col-md-8 first\">\n\n\n<h5>Kreska linii rz\u0119s<\/h5>\n\n\n<\/div>\n\n\n\n\n<div class=\"col-md-4 second\">\n\n\n<h6>700z\u0142<\/h6>\n\n\n\n\n<p>2g<\/p>\n\n\n<\/div>\n\n\n\n\n\n<div class=\"col-md-8 first\">\n\n\n<h5>Dopigmentowanie (4-8 tygodni po zabiegu)<\/h5>\n\n\n<\/div>\n\n\n\n\n<div class=\"col-md-4 second\">\n\n\n<h6>200z\u0142<\/h6>\n\n\n\n\n<p>3g<\/p>\n\n\n<\/div>\n\n\n\n\n\n<div class=\"col-md-8 first\">\n\n\n<h5>Od\u015bwie\u017canie (po 6-12 miesi\u0119cy)<\/h5>\n\n\n<\/div>\n\n\n\n\n<div class=\"col-md-4 second\">\n\n\n<h6>600z\u0142<\/h6>\n\n\n\n\n<p>3g<\/p>\n\n\n<\/div>\n\n\n\n\n\n<\/div>\n\n\n\n<\/div>\n\n\n<\/div>\n\n\n\n--><\/p>\n","protected":false},"excerpt":{"rendered":"<p>Cennik Poznaj nasz aktualny cennik \u015bwiadczonych us\u0142ug D\u0142onie Pakiet MINI HYBRYDA (\u015bci\u0105gni\u0119cie, manicure, 1 kolor) 130z\u0142 1g 40min Pakiet MIDI HYBRYDA (\u015bci\u0105gni\u0119cie, manicure, wzmocnienie, kolor + zdobienia 2-4 paznokcia, rekonstrukcja lub przed\u0142u\u017canie od 1-2 paznokci) 150z\u0142 2g Pakiet MAXI HYBRYDA (\u015bci\u0105gni\u0119cie, manicure, wzmocnienie, kolor + zdobienia na 10 paznokciach, rekonstrukcja lub przed\u0142u\u017canie od 2-4 paznokci) [&hellip;]<\/p>\n","protected":false},"author":1,"featured_media":0,"parent":0,"menu_order":0,"comment_status":"closed","ping_status":"closed","template":"fullwidth.php","meta":{"footnotes":""},"class_list":["post-16","page","type-page","status-publish","hentry"],"yoast_head":"<!-- This site is optimized with the Yoast SEO plugin v24.2 - https:\/\/yoast.com\/wordpress\/plugins\/seo\/ -->\n<title>Cennik - Kurkowa 5 Hanza<\/title>\n<meta name=\"robots\" content=\"index, follow, max-snippet:-1, max-image-preview:large, max-video-preview:-1\" \/>\n<link rel=\"canonical\" href=\"https:\/\/kurkowa5.pl\/hanza\/cennik\/\" \/>\n<meta property=\"og:locale\" content=\"pl_PL\" \/>\n<meta property=\"og:type\" content=\"article\" \/>\n<meta property=\"og:title\" content=\"Cennik - Kurkowa 5 Hanza\" \/>\n<meta property=\"og:description\" content=\"Cennik Poznaj nasz aktualny cennik \u015bwiadczonych us\u0142ug D\u0142onie Pakiet MINI HYBRYDA (\u015bci\u0105gni\u0119cie, manicure, 1 kolor) 130z\u0142 1g 40min Pakiet MIDI HYBRYDA (\u015bci\u0105gni\u0119cie, manicure, wzmocnienie, kolor + zdobienia 2-4 paznokcia, rekonstrukcja lub przed\u0142u\u017canie od 1-2 paznokci) 150z\u0142 2g Pakiet MAXI HYBRYDA (\u015bci\u0105gni\u0119cie, manicure, wzmocnienie, kolor + zdobienia na 10 paznokciach, rekonstrukcja lub przed\u0142u\u017canie od 2-4 paznokci) [&hellip;]\" \/>\n<meta property=\"og:url\" content=\"https:\/\/kurkowa5.pl\/hanza\/cennik\/\" \/>\n<meta property=\"og:site_name\" content=\"Kurkowa 5 Hanza\" \/>\n<meta property=\"article:modified_time\" content=\"2023-05-06T17:03:56+00:00\" \/>\n<meta name=\"twitter:card\" content=\"summary_large_image\" \/>\n<meta name=\"twitter:label1\" content=\"Szacowany czas czytania\" \/>\n\t<meta name=\"twitter:data1\" content=\"1 minuta\" \/>\n<script type=\"application\/ld+json\" class=\"yoast-schema-graph\">{\"@context\":\"https:\/\/schema.org\",\"@graph\":[{\"@type\":\"WebPage\",\"@id\":\"https:\/\/kurkowa5.pl\/hanza\/cennik\/\",\"url\":\"https:\/\/kurkowa5.pl\/hanza\/cennik\/\",\"name\":\"Cennik - Kurkowa 5 Hanza\",\"isPartOf\":{\"@id\":\"https:\/\/kurkowa5.pl\/hanza\/#website\"},\"datePublished\":\"2022-06-02T13:59:26+00:00\",\"dateModified\":\"2023-05-06T17:03:56+00:00\",\"breadcrumb\":{\"@id\":\"https:\/\/kurkowa5.pl\/hanza\/cennik\/#breadcrumb\"},\"inLanguage\":\"pl-PL\",\"potentialAction\":[{\"@type\":\"ReadAction\",\"target\":[\"https:\/\/kurkowa5.pl\/hanza\/cennik\/\"]}]},{\"@type\":\"BreadcrumbList\",\"@id\":\"https:\/\/kurkowa5.pl\/hanza\/cennik\/#breadcrumb\",\"itemListElement\":[{\"@type\":\"ListItem\",\"position\":1,\"name\":\"Strona g\u0142\u00f3wna\",\"item\":\"https:\/\/kurkowa5.pl\/hanza\/\"},{\"@type\":\"ListItem\",\"position\":2,\"name\":\"Cennik\"}]},{\"@type\":\"WebSite\",\"@id\":\"https:\/\/kurkowa5.pl\/hanza\/#website\",\"url\":\"https:\/\/kurkowa5.pl\/hanza\/\",\"name\":\"Kurkowa 5 Hanza\",\"description\":\"\",\"potentialAction\":[{\"@type\":\"SearchAction\",\"target\":{\"@type\":\"EntryPoint\",\"urlTemplate\":\"https:\/\/kurkowa5.pl\/hanza\/?s={search_term_string}\"},\"query-input\":{\"@type\":\"PropertyValueSpecification\",\"valueRequired\":true,\"valueName\":\"search_term_string\"}}],\"inLanguage\":\"pl-PL\"}]}<\/script>\n<!-- \/ Yoast SEO plugin. -->","yoast_head_json":{"title":"Cennik - Kurkowa 5 Hanza","robots":{"index":"index","follow":"follow","max-snippet":"max-snippet:-1","max-image-preview":"max-image-preview:large","max-video-preview":"max-video-preview:-1"},"canonical":"https:\/\/kurkowa5.pl\/hanza\/cennik\/","og_locale":"pl_PL","og_type":"article","og_title":"Cennik - Kurkowa 5 Hanza","og_description":"Cennik Poznaj nasz aktualny cennik \u015bwiadczonych us\u0142ug D\u0142onie Pakiet MINI HYBRYDA (\u015bci\u0105gni\u0119cie, manicure, 1 kolor) 130z\u0142 1g 40min Pakiet MIDI HYBRYDA (\u015bci\u0105gni\u0119cie, manicure, wzmocnienie, kolor + zdobienia 2-4 paznokcia, rekonstrukcja lub przed\u0142u\u017canie od 1-2 paznokci) 150z\u0142 2g Pakiet MAXI HYBRYDA (\u015bci\u0105gni\u0119cie, manicure, wzmocnienie, kolor + zdobienia na 10 paznokciach, rekonstrukcja lub przed\u0142u\u017canie od 2-4 paznokci) [&hellip;]","og_url":"https:\/\/kurkowa5.pl\/hanza\/cennik\/","og_site_name":"Kurkowa 5 Hanza","article_modified_time":"2023-05-06T17:03:56+00:00","twitter_card":"summary_large_image","twitter_misc":{"Szacowany czas czytania":"1 minuta"},"schema":{"@context":"https:\/\/schema.org","@graph":[{"@type":"WebPage","@id":"https:\/\/kurkowa5.pl\/hanza\/cennik\/","url":"https:\/\/kurkowa5.pl\/hanza\/cennik\/","name":"Cennik - Kurkowa 5 Hanza","isPartOf":{"@id":"https:\/\/kurkowa5.pl\/hanza\/#website"},"datePublished":"2022-06-02T13:59:26+00:00","dateModified":"2023-05-06T17:03:56+00:00","breadcrumb":{"@id":"https:\/\/kurkowa5.pl\/hanza\/cennik\/#breadcrumb"},"inLanguage":"pl-PL","potentialAction":[{"@type":"ReadAction","target":["https:\/\/kurkowa5.pl\/hanza\/cennik\/"]}]},{"@type":"BreadcrumbList","@id":"https:\/\/kurkowa5.pl\/hanza\/cennik\/#breadcrumb","itemListElement":[{"@type":"ListItem","position":1,"name":"Strona g\u0142\u00f3wna","item":"https:\/\/kurkowa5.pl\/hanza\/"},{"@type":"ListItem","position":2,"name":"Cennik"}]},{"@type":"WebSite","@id":"https:\/\/kurkowa5.pl\/hanza\/#website","url":"https:\/\/kurkowa5.pl\/hanza\/","name":"Kurkowa 5 Hanza","description":"","potentialAction":[{"@type":"SearchAction","target":{"@type":"EntryPoint","urlTemplate":"https:\/\/kurkowa5.pl\/hanza\/?s={search_term_string}"},"query-input":{"@type":"PropertyValueSpecification","valueRequired":true,"valueName":"search_term_string"}}],"inLanguage":"pl-PL"}]}},"_links":{"self":[{"href":"https:\/\/kurkowa5.pl\/hanza\/wp-json\/wp\/v2\/pages\/16","targetHints":{"allow":["GET"]}}],"collection":[{"href":"https:\/\/kurkowa5.pl\/hanza\/wp-json\/wp\/v2\/pages"}],"about":[{"href":"https:\/\/kurkowa5.pl\/hanza\/wp-json\/wp\/v2\/types\/page"}],"author":[{"embeddable":true,"href":"https:\/\/kurkowa5.pl\/hanza\/wp-json\/wp\/v2\/users\/1"}],"replies":[{"embeddable":true,"href":"https:\/\/kurkowa5.pl\/hanza\/wp-json\/wp\/v2\/comments?post=16"}],"version-history":[{"count":20,"href":"https:\/\/kurkowa5.pl\/hanza\/wp-json\/wp\/v2\/pages\/16\/revisions"}],"predecessor-version":[{"id":526,"href":"https:\/\/kurkowa5.pl\/hanza\/wp-json\/wp\/v2\/pages\/16\/revisions\/526"}],"wp:attachment":[{"href":"https:\/\/kurkowa5.pl\/hanza\/wp-json\/wp\/v2\/media?parent=16"}],"curies":[{"name":"wp","href":"https:\/\/api.w.org\/{rel}","templated":true}]}}