{"id":18,"date":"2022-06-02T15:59:37","date_gmt":"2022-06-02T13:59:37","guid":{"rendered":"https:\/\/kurkowa5.pl\/hanza\/?page_id=18"},"modified":"2023-03-31T22:07:48","modified_gmt":"2023-03-31T20:07:48","slug":"kontakt","status":"publish","type":"page","link":"https:\/\/kurkowa5.pl\/hanza\/kontakt\/","title":{"rendered":"Kontakt"},"content":{"rendered":"<div class=\"top extendfull top-contact\">\n<h6 class=\"animated appear delay1 duration2\">Kontakt<\/h6>\n<h1 class=\"animated appear delay2 duration2\">Znajdziesz nas<br \/>\nw Centrum<br \/>\nSzczecina w<br \/>\nwie\u017cowcu Hanza<br \/>\nTower<\/h1>\n<\/div>\n<div class=\"contact-info\">\n<p class=\"first\">NASZA INFOLINIA JEST DO TWOJEJ DYSPOZYCJI OD PONIEDZIA\u0141KU DO PI\u0104TKU W GODZINACH OD 10:00 DO 18:00. <!-- ORAZ W SOBOTY W GODZINACH OD 10:00 DO 16:00.--><\/p>\n<p><strong>W celu um\u00f3wienia wizyty skorzystaj z rezerwacji Booksy (dost\u0119pna w dolnej cz\u0119\u015bci ekranu) lub skontaktuj si\u0119 z nami.<\/strong><\/p>\n<\/div>\n<div class=\"contact row\">\n<div class=\"col-md-6\"><img loading=\"lazy\" decoding=\"async\" class=\"aligncenter size-full wp-image-163\" src=\"https:\/\/kurkowa5.pl\/hanza\/wp-content\/uploads\/2022\/06\/contact.jpg\" alt=\"\" width=\"564\" height=\"563\" srcset=\"https:\/\/kurkowa5.pl\/hanza\/wp-content\/uploads\/2022\/06\/contact.jpg 564w, https:\/\/kurkowa5.pl\/hanza\/wp-content\/uploads\/2022\/06\/contact-300x300.jpg 300w, https:\/\/kurkowa5.pl\/hanza\/wp-content\/uploads\/2022\/06\/contact-150x150.jpg 150w\" sizes=\"auto, (max-width: 564px) 100vw, 564px\" \/><\/div>\n<div class=\"col-md-6\">\n<p><strong>Kurkowa 5<br \/>\nHanza Tower<\/strong><\/p>\n<p>IV pi\u0119tro, lokal 437<br \/>\n*na domofonie wybierz 437 i naci\u015bnij &#8222;dzwonek&#8221;<br \/>\n<a href=\"https:\/\/goo.gl\/maps\/7KwVRnn8326YNR367\" rel=\"noopener\" target=\"_blank\">sprawd\u017a na mapie<\/a><\/p>\n<h6>Adres<\/h6>\n<p>Aleja Wyzwolenia 50, Szczecin<\/p>\n<h6>Telefon<\/h6>\n<p><a class=\"phone\" href=\"tel:91 3000 210\">91 3000 210<\/a><\/p>\n<h6>E-mail<\/h6>\n<p><a class=\"mail\" href=\"mailto:hanza@kurkowa5.pl\">hanza@kurkowa5.pl<\/a><\/p>\n<\/div>\n<\/div>\n<div class=\"contact-upper-grid\">\n<h2>Zapraszamy r\u00f3wnie\u017c na<em> inne nasze zabiegi<\/em><\/h2>\n<\/div>\n<div class=\"contact-grid row\">\n<div class=\"col-lg-6 col-xl-4 first\"><a href=\"https:\/\/kurkowa5.pl\/\"><br \/>\n<strong>Opalanie<br \/>\nnatryskowe<\/strong><br \/>\n<em>czytaj wi\u0119cej<\/em><br \/>\n<\/a><\/div>\n<div class=\"col-lg-6 col-xl-4 second\"><a href=\"https:\/\/kurkowa5.pl\/\"><br \/>\n<strong>Laminacje<br \/>\nbrwi<\/strong><br \/>\n<em>czytaj wi\u0119cej<\/em><br \/>\n<\/a><\/div>\n<div class=\"col-lg-12 col-xl-4 third\"><a href=\"https:\/\/kurkowa5.pl\/\"><br \/>\n<strong>Przed\u0142u\u017canie<br \/>\nrz\u0119s<\/strong><br \/>\n<em>czytaj wi\u0119cej<\/em><br \/>\n<\/a><\/div>\n<\/div>\n<div class=\"contact-bottom\">\n<p>Kurkowa5 to miejsce stworzone z my\u015bl\u0105 o ka\u017cdej przedstawicielce p\u0142ci pi\u0119knej \u2013 u nas odnajdziesz to, czego szukasz. Nasz salon specjalizuj\u0105cy si\u0119 w stylizacji paznokci i makija\u017cu permanentnym znajdziesz w centrum Szczecina, w wie\u017cowcu Hanza Tower. Natomiast salon, w kt\u00f3rym \u015bwiadczymy us\u0142ugi w zakresie opalania natryskowe i stylizacji brwi &#8211; znajduje si\u0119 na szczeci\u0144skim Starym Mie\u015bcie, przy ulicy Kurkowa 5. Serdecznie zapraszamy.<\/p>\n<\/div>\n","protected":false},"excerpt":{"rendered":"<p>Kontakt Znajdziesz nas w Centrum Szczecina w wie\u017cowcu Hanza Tower NASZA INFOLINIA JEST DO TWOJEJ DYSPOZYCJI OD PONIEDZIA\u0141KU DO PI\u0104TKU W GODZINACH OD 10:00 DO 18:00. W celu um\u00f3wienia wizyty skorzystaj z rezerwacji Booksy (dost\u0119pna w dolnej cz\u0119\u015bci ekranu) lub skontaktuj si\u0119 z nami. Kurkowa 5 Hanza Tower IV pi\u0119tro, lokal 437 *na domofonie wybierz [&hellip;]<\/p>\n","protected":false},"author":1,"featured_media":0,"parent":0,"menu_order":0,"comment_status":"closed","ping_status":"closed","template":"fullwidth.php","meta":{"footnotes":""},"class_list":["post-18","page","type-page","status-publish","hentry"],"yoast_head":"<!-- This site is optimized with the Yoast SEO plugin v24.2 - https:\/\/yoast.com\/wordpress\/plugins\/seo\/ -->\n<title>Kontakt - Kurkowa 5 Hanza<\/title>\n<meta name=\"robots\" content=\"index, follow, max-snippet:-1, max-image-preview:large, max-video-preview:-1\" \/>\n<link rel=\"canonical\" href=\"https:\/\/kurkowa5.pl\/hanza\/kontakt\/\" \/>\n<meta property=\"og:locale\" content=\"pl_PL\" \/>\n<meta property=\"og:type\" content=\"article\" \/>\n<meta property=\"og:title\" content=\"Kontakt - Kurkowa 5 Hanza\" \/>\n<meta property=\"og:description\" content=\"Kontakt Znajdziesz nas w Centrum Szczecina w wie\u017cowcu Hanza Tower NASZA INFOLINIA JEST DO TWOJEJ DYSPOZYCJI OD PONIEDZIA\u0141KU DO PI\u0104TKU W GODZINACH OD 10:00 DO 18:00. W celu um\u00f3wienia wizyty skorzystaj z rezerwacji Booksy (dost\u0119pna w dolnej cz\u0119\u015bci ekranu) lub skontaktuj si\u0119 z nami. Kurkowa 5 Hanza Tower IV pi\u0119tro, lokal 437 *na domofonie wybierz [&hellip;]\" \/>\n<meta property=\"og:url\" content=\"https:\/\/kurkowa5.pl\/hanza\/kontakt\/\" \/>\n<meta property=\"og:site_name\" content=\"Kurkowa 5 Hanza\" \/>\n<meta property=\"article:modified_time\" content=\"2023-03-31T20:07:48+00:00\" \/>\n<meta property=\"og:image\" content=\"https:\/\/kurkowa5.pl\/hanza\/wp-content\/uploads\/2022\/06\/contact.jpg\" \/>\n<meta name=\"twitter:card\" content=\"summary_large_image\" \/>\n<meta name=\"twitter:label1\" content=\"Szacowany czas czytania\" \/>\n\t<meta name=\"twitter:data1\" content=\"1 minuta\" \/>\n<script type=\"application\/ld+json\" class=\"yoast-schema-graph\">{\"@context\":\"https:\/\/schema.org\",\"@graph\":[{\"@type\":\"WebPage\",\"@id\":\"https:\/\/kurkowa5.pl\/hanza\/kontakt\/\",\"url\":\"https:\/\/kurkowa5.pl\/hanza\/kontakt\/\",\"name\":\"Kontakt - Kurkowa 5 Hanza\",\"isPartOf\":{\"@id\":\"https:\/\/kurkowa5.pl\/hanza\/#website\"},\"primaryImageOfPage\":{\"@id\":\"https:\/\/kurkowa5.pl\/hanza\/kontakt\/#primaryimage\"},\"image\":{\"@id\":\"https:\/\/kurkowa5.pl\/hanza\/kontakt\/#primaryimage\"},\"thumbnailUrl\":\"https:\/\/kurkowa5.pl\/hanza\/wp-content\/uploads\/2022\/06\/contact.jpg\",\"datePublished\":\"2022-06-02T13:59:37+00:00\",\"dateModified\":\"2023-03-31T20:07:48+00:00\",\"breadcrumb\":{\"@id\":\"https:\/\/kurkowa5.pl\/hanza\/kontakt\/#breadcrumb\"},\"inLanguage\":\"pl-PL\",\"potentialAction\":[{\"@type\":\"ReadAction\",\"target\":[\"https:\/\/kurkowa5.pl\/hanza\/kontakt\/\"]}]},{\"@type\":\"ImageObject\",\"inLanguage\":\"pl-PL\",\"@id\":\"https:\/\/kurkowa5.pl\/hanza\/kontakt\/#primaryimage\",\"url\":\"https:\/\/kurkowa5.pl\/hanza\/wp-content\/uploads\/2022\/06\/contact.jpg\",\"contentUrl\":\"https:\/\/kurkowa5.pl\/hanza\/wp-content\/uploads\/2022\/06\/contact.jpg\",\"width\":564,\"height\":563},{\"@type\":\"BreadcrumbList\",\"@id\":\"https:\/\/kurkowa5.pl\/hanza\/kontakt\/#breadcrumb\",\"itemListElement\":[{\"@type\":\"ListItem\",\"position\":1,\"name\":\"Strona g\u0142\u00f3wna\",\"item\":\"https:\/\/kurkowa5.pl\/hanza\/\"},{\"@type\":\"ListItem\",\"position\":2,\"name\":\"Kontakt\"}]},{\"@type\":\"WebSite\",\"@id\":\"https:\/\/kurkowa5.pl\/hanza\/#website\",\"url\":\"https:\/\/kurkowa5.pl\/hanza\/\",\"name\":\"Kurkowa 5 Hanza\",\"description\":\"\",\"potentialAction\":[{\"@type\":\"SearchAction\",\"target\":{\"@type\":\"EntryPoint\",\"urlTemplate\":\"https:\/\/kurkowa5.pl\/hanza\/?s={search_term_string}\"},\"query-input\":{\"@type\":\"PropertyValueSpecification\",\"valueRequired\":true,\"valueName\":\"search_term_string\"}}],\"inLanguage\":\"pl-PL\"}]}<\/script>\n<!-- \/ Yoast SEO plugin. -->","yoast_head_json":{"title":"Kontakt - Kurkowa 5 Hanza","robots":{"index":"index","follow":"follow","max-snippet":"max-snippet:-1","max-image-preview":"max-image-preview:large","max-video-preview":"max-video-preview:-1"},"canonical":"https:\/\/kurkowa5.pl\/hanza\/kontakt\/","og_locale":"pl_PL","og_type":"article","og_title":"Kontakt - Kurkowa 5 Hanza","og_description":"Kontakt Znajdziesz nas w Centrum Szczecina w wie\u017cowcu Hanza Tower NASZA INFOLINIA JEST DO TWOJEJ DYSPOZYCJI OD PONIEDZIA\u0141KU DO PI\u0104TKU W GODZINACH OD 10:00 DO 18:00. W celu um\u00f3wienia wizyty skorzystaj z rezerwacji Booksy (dost\u0119pna w dolnej cz\u0119\u015bci ekranu) lub skontaktuj si\u0119 z nami. Kurkowa 5 Hanza Tower IV pi\u0119tro, lokal 437 *na domofonie wybierz [&hellip;]","og_url":"https:\/\/kurkowa5.pl\/hanza\/kontakt\/","og_site_name":"Kurkowa 5 Hanza","article_modified_time":"2023-03-31T20:07:48+00:00","og_image":[{"url":"https:\/\/kurkowa5.pl\/hanza\/wp-content\/uploads\/2022\/06\/contact.jpg","type":"","width":"","height":""}],"twitter_card":"summary_large_image","twitter_misc":{"Szacowany czas czytania":"1 minuta"},"schema":{"@context":"https:\/\/schema.org","@graph":[{"@type":"WebPage","@id":"https:\/\/kurkowa5.pl\/hanza\/kontakt\/","url":"https:\/\/kurkowa5.pl\/hanza\/kontakt\/","name":"Kontakt - Kurkowa 5 Hanza","isPartOf":{"@id":"https:\/\/kurkowa5.pl\/hanza\/#website"},"primaryImageOfPage":{"@id":"https:\/\/kurkowa5.pl\/hanza\/kontakt\/#primaryimage"},"image":{"@id":"https:\/\/kurkowa5.pl\/hanza\/kontakt\/#primaryimage"},"thumbnailUrl":"https:\/\/kurkowa5.pl\/hanza\/wp-content\/uploads\/2022\/06\/contact.jpg","datePublished":"2022-06-02T13:59:37+00:00","dateModified":"2023-03-31T20:07:48+00:00","breadcrumb":{"@id":"https:\/\/kurkowa5.pl\/hanza\/kontakt\/#breadcrumb"},"inLanguage":"pl-PL","potentialAction":[{"@type":"ReadAction","target":["https:\/\/kurkowa5.pl\/hanza\/kontakt\/"]}]},{"@type":"ImageObject","inLanguage":"pl-PL","@id":"https:\/\/kurkowa5.pl\/hanza\/kontakt\/#primaryimage","url":"https:\/\/kurkowa5.pl\/hanza\/wp-content\/uploads\/2022\/06\/contact.jpg","contentUrl":"https:\/\/kurkowa5.pl\/hanza\/wp-content\/uploads\/2022\/06\/contact.jpg","width":564,"height":563},{"@type":"BreadcrumbList","@id":"https:\/\/kurkowa5.pl\/hanza\/kontakt\/#breadcrumb","itemListElement":[{"@type":"ListItem","position":1,"name":"Strona g\u0142\u00f3wna","item":"https:\/\/kurkowa5.pl\/hanza\/"},{"@type":"ListItem","position":2,"name":"Kontakt"}]},{"@type":"WebSite","@id":"https:\/\/kurkowa5.pl\/hanza\/#website","url":"https:\/\/kurkowa5.pl\/hanza\/","name":"Kurkowa 5 Hanza","description":"","potentialAction":[{"@type":"SearchAction","target":{"@type":"EntryPoint","urlTemplate":"https:\/\/kurkowa5.pl\/hanza\/?s={search_term_string}"},"query-input":{"@type":"PropertyValueSpecification","valueRequired":true,"valueName":"search_term_string"}}],"inLanguage":"pl-PL"}]}},"_links":{"self":[{"href":"https:\/\/kurkowa5.pl\/hanza\/wp-json\/wp\/v2\/pages\/18","targetHints":{"allow":["GET"]}}],"collection":[{"href":"https:\/\/kurkowa5.pl\/hanza\/wp-json\/wp\/v2\/pages"}],"about":[{"href":"https:\/\/kurkowa5.pl\/hanza\/wp-json\/wp\/v2\/types\/page"}],"author":[{"embeddable":true,"href":"https:\/\/kurkowa5.pl\/hanza\/wp-json\/wp\/v2\/users\/1"}],"replies":[{"embeddable":true,"href":"https:\/\/kurkowa5.pl\/hanza\/wp-json\/wp\/v2\/comments?post=18"}],"version-history":[{"count":34,"href":"https:\/\/kurkowa5.pl\/hanza\/wp-json\/wp\/v2\/pages\/18\/revisions"}],"predecessor-version":[{"id":523,"href":"https:\/\/kurkowa5.pl\/hanza\/wp-json\/wp\/v2\/pages\/18\/revisions\/523"}],"wp:attachment":[{"href":"https:\/\/kurkowa5.pl\/hanza\/wp-json\/wp\/v2\/media?parent=18"}],"curies":[{"name":"wp","href":"https:\/\/api.w.org\/{rel}","templated":true}]}}