{"id":560,"date":"2025-01-19T09:37:34","date_gmt":"2025-01-19T08:37:34","guid":{"rendered":"https:\/\/kurkowa5.pl\/hanza\/?page_id=560"},"modified":"2025-01-19T14:05:15","modified_gmt":"2025-01-19T13:05:15","slug":"stylizacja-brwi-i-rzes","status":"publish","type":"page","link":"https:\/\/kurkowa5.pl\/hanza\/stylizacja-brwi-i-rzes\/","title":{"rendered":"Stylizacja brwi i rz\u0119s"},"content":{"rendered":"<div class=\"top extendfull top-eyebrows\">\n<h6 class=\"animated appear delay1 duration2\">Oferta<\/h6>\n<h1 class=\"animated appear delay2 duration2\">Stylizacja<br \/>\n<em>brwi i rz\u0119s<\/em><\/h1>\n<\/div>\n<div class=\"manicure-info\">\n<p class=\"big\">BRWI I RZ\u0118SY ODGRYWAJ\u0104 KLUCZOW\u0104 ROL\u0118 W RAMOWANIU TWARZY ORAZ PODKRE\u015aLENIU NASZEGO NATURALNEGO WYGL\u0104DU. ZADBAJ O NIE W NASZYM SALONIE W SZCZECINIE I CIESZ SI\u0118 PERFEKCYJN\u0104 STYLIZACJ\u0104.<\/p>\n<p>Podczas wizyty w salonie zadbamy o Twoje brwi i rz\u0119sy, a Ty w tym czasie odpoczniesz i zrelaksujesz si\u0119 w przyjemnej atmosferze.<\/p>\n<\/div>\n<div class=\"manicure-why row\">\n<div class=\"col-md-6\">\n<img loading=\"lazy\" decoding=\"async\" src=\"https:\/\/kurkowa5.pl\/hanza\/wp-content\/uploads\/2025\/01\/eyebrows-why.webp\" alt=\"\" width=\"563\" height=\"563\" class=\"aligncenter size-full wp-image-568\" srcset=\"https:\/\/kurkowa5.pl\/hanza\/wp-content\/uploads\/2025\/01\/eyebrows-why.webp 563w, https:\/\/kurkowa5.pl\/hanza\/wp-content\/uploads\/2025\/01\/eyebrows-why-300x300.webp 300w, https:\/\/kurkowa5.pl\/hanza\/wp-content\/uploads\/2025\/01\/eyebrows-why-150x150.webp 150w\" sizes=\"auto, (max-width: 563px) 100vw, 563px\" \/>\n<\/div>\n<div class=\"col-md-6\">\n<h2>Dlaczego stylizacja <em>brwi i rz\u0119s<\/em> jest tak wa\u017cna?<\/h2>\n<p class=\"big\">DOBRZE WYSTYLIZOWANE BRWI I RZ\u0118SY TO PODSTAWA WYRAZISTEGO SPOJRZENIA ORAZ ZADBANIA O CA\u0141O\u015a\u0106 WYGL\u0104DU TWARZY.<\/p>\n<p>Profesjonalne zabiegi, takie jak laminacja brwi czy rz\u0119s, pozwalaj\u0105 nie tylko uzyska\u0107 odpowiedni kszta\u0142t i efekt, ale tak\u017ce zapewni\u0107 ich piel\u0119gnacj\u0119 i od\u017cywienie. W salonie korzystamy z wysokiej jako\u015bci preparat\u00f3w, kt\u00f3re s\u0105 \u0142agodne dla w\u0142osk\u00f3w, a jednocze\u015bnie daj\u0105 d\u0142ugotrwa\u0142y efekt.<\/p>\n<\/div>\n<\/div>\n<div class=\"manicure-why manicure-why-bottom row\">\n<div class=\"col-md-6 xs-up-hidden\">\n<img loading=\"lazy\" decoding=\"async\" src=\"https:\/\/kurkowa5.pl\/hanza\/wp-content\/uploads\/2025\/01\/eyebrows-why03.webp\" alt=\"\" width=\"564\" height=\"564\" class=\"aligncenter size-full wp-image-579\" srcset=\"https:\/\/kurkowa5.pl\/hanza\/wp-content\/uploads\/2025\/01\/eyebrows-why03.webp 564w, https:\/\/kurkowa5.pl\/hanza\/wp-content\/uploads\/2025\/01\/eyebrows-why03-300x300.webp 300w, https:\/\/kurkowa5.pl\/hanza\/wp-content\/uploads\/2025\/01\/eyebrows-why03-150x150.webp 150w\" sizes=\"auto, (max-width: 564px) 100vw, 564px\" \/>\n<\/div>\n<div class=\"col-md-6 first\">\n<h2><em>Od\u017cywienie i regeneracja,<\/em> czyli laminacja brwi i rz\u0119s<\/h2>\n<p class=\"big\">Laminacja to zaawansowany zabieg, kt\u00f3ry pozwala na podkre\u015blenie naturalnego kszta\u0142tu brwi oraz podkr\u0119cenie i wyd\u0142u\u017cenie rz\u0119s. Proces polega na naniesieniu specjalistycznych preparat\u00f3w, kt\u00f3re nawil\u017caj\u0105 i wzmacniaj\u0105 struktur\u0119 w\u0142osk\u00f3w.<\/p>\n<p>Efektem laminacji jest nie tylko ich idealny wygl\u0105d, ale r\u00f3wnie\u017c wzmocnienie i ochrona przed czynnikami zewn\u0119trznymi. Twoje brwi i rz\u0119sy b\u0119d\u0105 prezentowa\u0107 si\u0119 naturalnie, a jednocze\u015bnie wyrazi\u015bcie przez kilka tygodni.<\/p>\n<\/div>\n<div class=\"col-md-6 xs-hidden\">\n<img loading=\"lazy\" decoding=\"async\" src=\"https:\/\/kurkowa5.pl\/hanza\/wp-content\/uploads\/2025\/01\/eyebrows-why03.webp\" alt=\"\" width=\"564\" height=\"564\" class=\"aligncenter size-full wp-image-579\" srcset=\"https:\/\/kurkowa5.pl\/hanza\/wp-content\/uploads\/2025\/01\/eyebrows-why03.webp 564w, https:\/\/kurkowa5.pl\/hanza\/wp-content\/uploads\/2025\/01\/eyebrows-why03-300x300.webp 300w, https:\/\/kurkowa5.pl\/hanza\/wp-content\/uploads\/2025\/01\/eyebrows-why03-150x150.webp 150w\" sizes=\"auto, (max-width: 564px) 100vw, 564px\" \/>\n<\/div>\n<\/div>\n<div class=\"manicure-gold eyebrows-gold extendfull\">\n<div class=\"inner\">\n<h2><em>Najpopularniejsze zabiegi<\/em> stylizacji brwi i rz\u0119s<\/h2>\n<p class=\"white\">Oferujemy kompleksowe us\u0142ugi, kt\u00f3re dostosowujemy do indywidualnych potrzeb ka\u017cdego klienta. Do najcz\u0119\u015bciej wybieranych nale\u017c\u0105:<\/p>\n<div class=\"row\">\n<div class=\"col-md-4\">\n<h5>Laminacja brwi<\/h5>\n<p>zabieg pozwala na utrwalenie kszta\u0142tu brwi, podkre\u015blenie ich koloru oraz od\u017cywienie w\u0142osk\u00f3w.<\/p>\n<\/div>\n<div class=\"col-md-4\">\n<h5>Laminacja rz\u0119s<\/h5>\n<p>daje efekt naturalnego podkr\u0119cenia, wyd\u0142u\u017cenia i pogrubienia rz\u0119s.<\/p>\n<\/div>\n<div class=\"col-md-4\">\n<h5>Koloryzacja brwi i rz\u0119s<\/h5>\n<p>idealne dla os\u00f3b, kt\u00f3re chc\u0105 uzyska\u0107 intensywniejszy i trwalszy kolor.<\/p>\n<\/div>\n<\/div>\n<p>Ka\u017cdy zabieg wykonujemy z u\u017cyciem profesjonalnych preparat\u00f3w i narz\u0119dzi, dbaj\u0105c o komfort i bezpiecze\u0144stwo naszych klient\u00f3w.<\/p>\n<\/div>\n<\/div>\n<div class=\"french-shape eyebrows-shape extendfull\">\n<div class=\"row\">\n<div class=\"col-md-6\">\n<\/div>\n<div class=\"col-md-6\">\n<h2>Jak <em>wygl\u0105da<\/em> stylizacja brwi i rz\u0119s w <em>naszym salonie?<\/em><\/h2>\n<p class=\"bigger\">ZA KA\u017bDYM RAZEM DOSTOSOWUJEMY PROCES STYLIZACJI DO INDYWIDUALNYCH POTRZEB KLIENTA. PRZEPROWADZAMY WST\u0118PN\u0104 KONSULTACJ\u0118, PODCZAS KT\u00d3REJ OMAWIAMY OCZEKIWANIA, PREFERENCJE ORAZ DOBIERAMY ODPOWIEDNIE METODY.<\/p>\n<p>Nasze stylistki dbaj\u0105 o ka\u017cdy szczeg\u00f3\u0142, aby efekt by\u0142 trwa\u0142y i spe\u0142nia\u0142 najwy\u017csze standardy estetyczne. Pracujemy wy\u0142\u0105cznie na sprawdzonych produktach, kt\u00f3re zapewniaj\u0105 zdrowie i naturalny wygl\u0105d brwi i rz\u0119s.<\/p>\n<\/div>\n<div class=\"col-md-6 xs-up-hidden\">\n<img loading=\"lazy\" decoding=\"async\" src=\"https:\/\/kurkowa5.pl\/hanza\/wp-content\/uploads\/2025\/01\/eyebrows-shape-mob.webp\" alt=\"\" width=\"774\" height=\"531\" class=\"aligncenter size-full wp-image-590\" srcset=\"https:\/\/kurkowa5.pl\/hanza\/wp-content\/uploads\/2025\/01\/eyebrows-shape-mob.webp 774w, https:\/\/kurkowa5.pl\/hanza\/wp-content\/uploads\/2025\/01\/eyebrows-shape-mob-300x206.webp 300w, https:\/\/kurkowa5.pl\/hanza\/wp-content\/uploads\/2025\/01\/eyebrows-shape-mob-768x527.webp 768w\" sizes=\"auto, (max-width: 774px) 100vw, 774px\" \/>\n<\/div>\n<\/div>\n<\/div>\n<div class=\"french-bottom eyebrows-bottom row\">\n<div class=\"col-md-6\">\n<h2>Stylizacja brwi i rz\u0119s Szczecin<\/h2>\n<p>Stylizacja brwi i rz\u0119s w Szczecinie to nie tylko piel\u0119gnacja i poprawa wygl\u0105du, ale r\u00f3wnie\u017c chwila relaksu i odpr\u0119\u017cenia. W naszym salonie oferujemy szerok\u0105 gam\u0119 zabieg\u00f3w dostosowanych do potrzeb ka\u017cdej klientki.<\/p>\n<p class=\"big\">Dzi\u0119ki do\u015bwiadczeniu i zaanga\u017cowaniu naszych stylistek mo\u017cemy zapewni\u0107 efekty, kt\u00f3re spe\u0142ni\u0105 oczekiwania nawet najbardziej wymagaj\u0105cych os\u00f3b. Regularnie uczestniczymy w szkoleniach, aby by\u0107 na bie\u017c\u0105co z najnowszymi trendami i technikami stylizacji.<\/p>\n<\/div>\n<div class=\"col-md-6\">\n<img loading=\"lazy\" decoding=\"async\" src=\"https:\/\/kurkowa5.pl\/hanza\/wp-content\/uploads\/2025\/01\/eyebrows-bottom.webp\" alt=\"\" width=\"564\" height=\"564\" class=\"aligncenter size-full wp-image-592\" srcset=\"https:\/\/kurkowa5.pl\/hanza\/wp-content\/uploads\/2025\/01\/eyebrows-bottom.webp 564w, https:\/\/kurkowa5.pl\/hanza\/wp-content\/uploads\/2025\/01\/eyebrows-bottom-300x300.webp 300w, https:\/\/kurkowa5.pl\/hanza\/wp-content\/uploads\/2025\/01\/eyebrows-bottom-150x150.webp 150w\" sizes=\"auto, (max-width: 564px) 100vw, 564px\" \/>\n<\/div>\n<\/div>\n<div class=\"eyebrows-seo row\">\n<div class=\"col-md-12\">\n<p class=\"big\">NIEZALE\u017bNIE OD TEGO, CZY CHCESZ PODKRE\u015aLI\u0106 SWOJE BRWI, UZYSKA\u0106 WYRAZISTE SPOJRZENIE DZI\u0118KI LAMINACJI RZ\u0118S, CZY SKORZYSTA\u0106 Z INNYCH ZABIEG\u00d3W PIEL\u0118GNACYJNYCH, NASZ ZESP\u00d3\u0141 ZADBA O KA\u017bDY SZCZEG\u00d3\u0141.<\/p>\n<p>Zapraszamy do naszego salonu w Szczecinie, gdzie ka\u017cdy zabieg jest realizowany z pasj\u0105 i profesjonalizmem. Dzi\u0119ki nam Twoje brwi i rz\u0119sy b\u0119d\u0105 zawsze prezentowa\u0107 si\u0119 idealnie, dodaj\u0105c Ci pewno\u015bci siebie ka\u017cdego dnia.<\/p>\n<\/div>\n<\/div>\n","protected":false},"excerpt":{"rendered":"<p>Oferta Stylizacja brwi i rz\u0119s BRWI I RZ\u0118SY ODGRYWAJ\u0104 KLUCZOW\u0104 ROL\u0118 W RAMOWANIU TWARZY ORAZ PODKRE\u015aLENIU NASZEGO NATURALNEGO WYGL\u0104DU. ZADBAJ O NIE W NASZYM SALONIE W SZCZECINIE I CIESZ SI\u0118 PERFEKCYJN\u0104 STYLIZACJ\u0104. Podczas wizyty w salonie zadbamy o Twoje brwi i rz\u0119sy, a Ty w tym czasie odpoczniesz i zrelaksujesz si\u0119 w przyjemnej atmosferze. Dlaczego [&hellip;]<\/p>\n","protected":false},"author":1,"featured_media":0,"parent":0,"menu_order":0,"comment_status":"closed","ping_status":"closed","template":"fullwidth.php","meta":{"footnotes":""},"class_list":["post-560","page","type-page","status-publish","hentry"],"yoast_head":"<!-- This site is optimized with the Yoast SEO plugin v24.2 - https:\/\/yoast.com\/wordpress\/plugins\/seo\/ -->\n<title>Stylizacja brwi i rz\u0119s - Kurkowa 5 Hanza<\/title>\n<meta name=\"robots\" content=\"index, follow, max-snippet:-1, max-image-preview:large, max-video-preview:-1\" \/>\n<link rel=\"canonical\" href=\"https:\/\/kurkowa5.pl\/hanza\/stylizacja-brwi-i-rzes\/\" \/>\n<meta property=\"og:locale\" content=\"pl_PL\" \/>\n<meta property=\"og:type\" content=\"article\" \/>\n<meta property=\"og:title\" content=\"Stylizacja brwi i rz\u0119s - Kurkowa 5 Hanza\" \/>\n<meta property=\"og:description\" content=\"Oferta Stylizacja brwi i rz\u0119s BRWI I RZ\u0118SY ODGRYWAJ\u0104 KLUCZOW\u0104 ROL\u0118 W RAMOWANIU TWARZY ORAZ PODKRE\u015aLENIU NASZEGO NATURALNEGO WYGL\u0104DU. ZADBAJ O NIE W NASZYM SALONIE W SZCZECINIE I CIESZ SI\u0118 PERFEKCYJN\u0104 STYLIZACJ\u0104. Podczas wizyty w salonie zadbamy o Twoje brwi i rz\u0119sy, a Ty w tym czasie odpoczniesz i zrelaksujesz si\u0119 w przyjemnej atmosferze. Dlaczego [&hellip;]\" \/>\n<meta property=\"og:url\" content=\"https:\/\/kurkowa5.pl\/hanza\/stylizacja-brwi-i-rzes\/\" \/>\n<meta property=\"og:site_name\" content=\"Kurkowa 5 Hanza\" \/>\n<meta property=\"article:modified_time\" content=\"2025-01-19T13:05:15+00:00\" \/>\n<meta property=\"og:image\" content=\"https:\/\/kurkowa5.pl\/hanza\/wp-content\/uploads\/2025\/01\/eyebrows-why.webp\" \/>\n\t<meta property=\"og:image:width\" content=\"563\" \/>\n\t<meta property=\"og:image:height\" content=\"563\" \/>\n\t<meta property=\"og:image:type\" content=\"image\/webp\" \/>\n<meta name=\"twitter:card\" content=\"summary_large_image\" \/>\n<meta name=\"twitter:label1\" content=\"Szacowany czas czytania\" \/>\n\t<meta name=\"twitter:data1\" content=\"6 minut\" \/>\n<script type=\"application\/ld+json\" class=\"yoast-schema-graph\">{\"@context\":\"https:\/\/schema.org\",\"@graph\":[{\"@type\":\"WebPage\",\"@id\":\"https:\/\/kurkowa5.pl\/hanza\/stylizacja-brwi-i-rzes\/\",\"url\":\"https:\/\/kurkowa5.pl\/hanza\/stylizacja-brwi-i-rzes\/\",\"name\":\"Stylizacja brwi i rz\u0119s - Kurkowa 5 Hanza\",\"isPartOf\":{\"@id\":\"https:\/\/kurkowa5.pl\/hanza\/#website\"},\"primaryImageOfPage\":{\"@id\":\"https:\/\/kurkowa5.pl\/hanza\/stylizacja-brwi-i-rzes\/#primaryimage\"},\"image\":{\"@id\":\"https:\/\/kurkowa5.pl\/hanza\/stylizacja-brwi-i-rzes\/#primaryimage\"},\"thumbnailUrl\":\"https:\/\/kurkowa5.pl\/hanza\/wp-content\/uploads\/2025\/01\/eyebrows-why.webp\",\"datePublished\":\"2025-01-19T08:37:34+00:00\",\"dateModified\":\"2025-01-19T13:05:15+00:00\",\"breadcrumb\":{\"@id\":\"https:\/\/kurkowa5.pl\/hanza\/stylizacja-brwi-i-rzes\/#breadcrumb\"},\"inLanguage\":\"pl-PL\",\"potentialAction\":[{\"@type\":\"ReadAction\",\"target\":[\"https:\/\/kurkowa5.pl\/hanza\/stylizacja-brwi-i-rzes\/\"]}]},{\"@type\":\"ImageObject\",\"inLanguage\":\"pl-PL\",\"@id\":\"https:\/\/kurkowa5.pl\/hanza\/stylizacja-brwi-i-rzes\/#primaryimage\",\"url\":\"https:\/\/kurkowa5.pl\/hanza\/wp-content\/uploads\/2025\/01\/eyebrows-why.webp\",\"contentUrl\":\"https:\/\/kurkowa5.pl\/hanza\/wp-content\/uploads\/2025\/01\/eyebrows-why.webp\",\"width\":563,\"height\":563},{\"@type\":\"BreadcrumbList\",\"@id\":\"https:\/\/kurkowa5.pl\/hanza\/stylizacja-brwi-i-rzes\/#breadcrumb\",\"itemListElement\":[{\"@type\":\"ListItem\",\"position\":1,\"name\":\"Strona g\u0142\u00f3wna\",\"item\":\"https:\/\/kurkowa5.pl\/hanza\/\"},{\"@type\":\"ListItem\",\"position\":2,\"name\":\"Stylizacja brwi i rz\u0119s\"}]},{\"@type\":\"WebSite\",\"@id\":\"https:\/\/kurkowa5.pl\/hanza\/#website\",\"url\":\"https:\/\/kurkowa5.pl\/hanza\/\",\"name\":\"Kurkowa 5 Hanza\",\"description\":\"\",\"potentialAction\":[{\"@type\":\"SearchAction\",\"target\":{\"@type\":\"EntryPoint\",\"urlTemplate\":\"https:\/\/kurkowa5.pl\/hanza\/?s={search_term_string}\"},\"query-input\":{\"@type\":\"PropertyValueSpecification\",\"valueRequired\":true,\"valueName\":\"search_term_string\"}}],\"inLanguage\":\"pl-PL\"}]}<\/script>\n<!-- \/ Yoast SEO plugin. -->","yoast_head_json":{"title":"Stylizacja brwi i rz\u0119s - Kurkowa 5 Hanza","robots":{"index":"index","follow":"follow","max-snippet":"max-snippet:-1","max-image-preview":"max-image-preview:large","max-video-preview":"max-video-preview:-1"},"canonical":"https:\/\/kurkowa5.pl\/hanza\/stylizacja-brwi-i-rzes\/","og_locale":"pl_PL","og_type":"article","og_title":"Stylizacja brwi i rz\u0119s - Kurkowa 5 Hanza","og_description":"Oferta Stylizacja brwi i rz\u0119s BRWI I RZ\u0118SY ODGRYWAJ\u0104 KLUCZOW\u0104 ROL\u0118 W RAMOWANIU TWARZY ORAZ PODKRE\u015aLENIU NASZEGO NATURALNEGO WYGL\u0104DU. ZADBAJ O NIE W NASZYM SALONIE W SZCZECINIE I CIESZ SI\u0118 PERFEKCYJN\u0104 STYLIZACJ\u0104. Podczas wizyty w salonie zadbamy o Twoje brwi i rz\u0119sy, a Ty w tym czasie odpoczniesz i zrelaksujesz si\u0119 w przyjemnej atmosferze. Dlaczego [&hellip;]","og_url":"https:\/\/kurkowa5.pl\/hanza\/stylizacja-brwi-i-rzes\/","og_site_name":"Kurkowa 5 Hanza","article_modified_time":"2025-01-19T13:05:15+00:00","og_image":[{"width":563,"height":563,"url":"https:\/\/kurkowa5.pl\/hanza\/wp-content\/uploads\/2025\/01\/eyebrows-why.webp","type":"image\/webp"}],"twitter_card":"summary_large_image","twitter_misc":{"Szacowany czas czytania":"6 minut"},"schema":{"@context":"https:\/\/schema.org","@graph":[{"@type":"WebPage","@id":"https:\/\/kurkowa5.pl\/hanza\/stylizacja-brwi-i-rzes\/","url":"https:\/\/kurkowa5.pl\/hanza\/stylizacja-brwi-i-rzes\/","name":"Stylizacja brwi i rz\u0119s - Kurkowa 5 Hanza","isPartOf":{"@id":"https:\/\/kurkowa5.pl\/hanza\/#website"},"primaryImageOfPage":{"@id":"https:\/\/kurkowa5.pl\/hanza\/stylizacja-brwi-i-rzes\/#primaryimage"},"image":{"@id":"https:\/\/kurkowa5.pl\/hanza\/stylizacja-brwi-i-rzes\/#primaryimage"},"thumbnailUrl":"https:\/\/kurkowa5.pl\/hanza\/wp-content\/uploads\/2025\/01\/eyebrows-why.webp","datePublished":"2025-01-19T08:37:34+00:00","dateModified":"2025-01-19T13:05:15+00:00","breadcrumb":{"@id":"https:\/\/kurkowa5.pl\/hanza\/stylizacja-brwi-i-rzes\/#breadcrumb"},"inLanguage":"pl-PL","potentialAction":[{"@type":"ReadAction","target":["https:\/\/kurkowa5.pl\/hanza\/stylizacja-brwi-i-rzes\/"]}]},{"@type":"ImageObject","inLanguage":"pl-PL","@id":"https:\/\/kurkowa5.pl\/hanza\/stylizacja-brwi-i-rzes\/#primaryimage","url":"https:\/\/kurkowa5.pl\/hanza\/wp-content\/uploads\/2025\/01\/eyebrows-why.webp","contentUrl":"https:\/\/kurkowa5.pl\/hanza\/wp-content\/uploads\/2025\/01\/eyebrows-why.webp","width":563,"height":563},{"@type":"BreadcrumbList","@id":"https:\/\/kurkowa5.pl\/hanza\/stylizacja-brwi-i-rzes\/#breadcrumb","itemListElement":[{"@type":"ListItem","position":1,"name":"Strona g\u0142\u00f3wna","item":"https:\/\/kurkowa5.pl\/hanza\/"},{"@type":"ListItem","position":2,"name":"Stylizacja brwi i rz\u0119s"}]},{"@type":"WebSite","@id":"https:\/\/kurkowa5.pl\/hanza\/#website","url":"https:\/\/kurkowa5.pl\/hanza\/","name":"Kurkowa 5 Hanza","description":"","potentialAction":[{"@type":"SearchAction","target":{"@type":"EntryPoint","urlTemplate":"https:\/\/kurkowa5.pl\/hanza\/?s={search_term_string}"},"query-input":{"@type":"PropertyValueSpecification","valueRequired":true,"valueName":"search_term_string"}}],"inLanguage":"pl-PL"}]}},"_links":{"self":[{"href":"https:\/\/kurkowa5.pl\/hanza\/wp-json\/wp\/v2\/pages\/560","targetHints":{"allow":["GET"]}}],"collection":[{"href":"https:\/\/kurkowa5.pl\/hanza\/wp-json\/wp\/v2\/pages"}],"about":[{"href":"https:\/\/kurkowa5.pl\/hanza\/wp-json\/wp\/v2\/types\/page"}],"author":[{"embeddable":true,"href":"https:\/\/kurkowa5.pl\/hanza\/wp-json\/wp\/v2\/users\/1"}],"replies":[{"embeddable":true,"href":"https:\/\/kurkowa5.pl\/hanza\/wp-json\/wp\/v2\/comments?post=560"}],"version-history":[{"count":30,"href":"https:\/\/kurkowa5.pl\/hanza\/wp-json\/wp\/v2\/pages\/560\/revisions"}],"predecessor-version":[{"id":595,"href":"https:\/\/kurkowa5.pl\/hanza\/wp-json\/wp\/v2\/pages\/560\/revisions\/595"}],"wp:attachment":[{"href":"https:\/\/kurkowa5.pl\/hanza\/wp-json\/wp\/v2\/media?parent=560"}],"curies":[{"name":"wp","href":"https:\/\/api.w.org\/{rel}","templated":true}]}}